{"id":1287,"date":"2020-12-30T17:59:55","date_gmt":"2020-12-30T20:59:55","guid":{"rendered":"https:\/\/fortebaterias.com.br\/site\/?page_id=1287"},"modified":"2022-09-16T14:14:33","modified_gmt":"2022-09-16T17:14:33","slug":"bateria-moura-60-em-bh","status":"publish","type":"page","link":"https:\/\/fortebaterias.com.br\/site\/bateria-moura-60-em-bh\/","title":{"rendered":"BATERIA MOURA 60 EM BH"},"content":{"rendered":"<h1><span style=\"font-weight: 400;\">BATERIA MOURA 60 em BH<\/span><\/h1>\n<p><span style=\"font-weight: 400;\">\u00a0<\/span><\/p>\n<p><span style=\"font-weight: 400;\">Esta procurando <strong>bateria moura 60 ah<\/strong>\u00a0 , loja especializada com profissionais treinados pela fabrica. <\/span><span style=\"font-weight: 400;\">Entrega de <a href=\"https:\/\/pt.wikipedia.org\/wiki\/Bateria_automotiva\"><strong>bateria<\/strong><\/a>, para diversas aplica\u00e7\u00f5es. Parcelamos em at\u00e9 12X SEM JUROS e faturamos para Empresas.<\/span><span style=\"font-weight: 400;\"> \u00c9 indiscut\u00edvel que onde comprar . Esteja ciente que \u00e9 ideal para atender ve\u00edculos com maior demanda de amperes\/horas. Ainda assim, voc\u00ea deve estar se perguntando onde comprar. Sim, esta solu\u00e7\u00e3o quando comprada da empresa FORTE Baterias conta com qualidade, garantia e aten\u00e7\u00e3o.<\/span><\/p>\n<p><span style=\"font-weight: 400;\">Est\u00e1 precisando de <strong>bateria moura 60 em bh<\/strong>, Solu\u00e7\u00e3o esta aqui. N\u00e3o deixe de entrar em contato para mais informa\u00e7\u00f5es sobre as solu\u00e7\u00f5es oferecidas. Entrega e instala\u00e7\u00e3o gr\u00e1tis em at\u00e9 50 minutos<\/span><span style=\"font-weight: 400;\">. <\/span><span style=\"font-weight: 400;\">Encontre <\/span><span style=\"font-weight: 400;\">Bateria Moura com as melhores ofertas e promo\u00e7\u00f5es. Pre\u00e7o baixo e entrega r\u00e1pida. Precisando trocar a bateria do seu carro? Compre na Forte baterias. Servi\u00e7o autorizado pela fabrica Baterias Moura! Receba em at\u00e9 50 minutos com entrega e instala\u00e7\u00e3o. <a href=\"https:\/\/fortebaterias.com.br\/site\/loja-virtual\/\">Consulte: 3333.3008<\/a><\/span><\/p>\n<p>&nbsp;<\/p>\n<p><img decoding=\"async\" class=\"aligncenter wp-image-634 size-medium\" title=\"Bateria 60 ah em BH\" src=\"https:\/\/fortebaterias.com.br\/site\/wp-content\/uploads\/2020\/07\/moura-mormal-300x133.jpg\" alt=\"Bateria 60 ah em BH\" width=\"300\" height=\"133\" \/><\/p>\n","protected":false},"excerpt":{"rendered":"<p>BATERIA MOURA 60 em BH \u00a0 Esta procurando bateria moura 60 ah\u00a0 , loja especializada com profissionais treinados pela fabrica. Entrega de bateria, para diversas aplica\u00e7\u00f5es. Parcelamos em at\u00e9 12X SEM JUROS e faturamos para Empresas. \u00c9 indiscut\u00edvel que onde comprar . Esteja ciente que \u00e9 ideal para atender ve\u00edculos com maior demanda de amperes\/horas. [&hellip;]<\/p>\n","protected":false},"author":2,"featured_media":0,"parent":0,"menu_order":0,"comment_status":"closed","ping_status":"closed","template":"","meta":{"_et_pb_use_builder":"","_et_pb_old_content":"","_et_gb_content_width":"","footnotes":""},"class_list":["post-1287","page","type-page","status-publish","hentry"],"yoast_head":"<!-- This site is optimized with the Yoast SEO Premium plugin v25.6 (Yoast SEO v25.6) - https:\/\/yoast.com\/wordpress\/plugins\/seo\/ -->\n<title>BATERIA MOURA 60 EM BH - Forte - Baterias de Carro \/ 3333-3008<\/title>\n<meta name=\"description\" content=\"Est\u00e1 precisando de bateria moura 60 em bh, Solu\u00e7\u00e3o esta aqui. N\u00e3o deixe de entrar em contato. ligue 3333-3008. consulte nossos pre\u00e7os.\" \/>\n<meta name=\"robots\" content=\"index, follow, max-snippet:-1, max-image-preview:large, max-video-preview:-1\" \/>\n<link rel=\"canonical\" href=\"https:\/\/fortebaterias.com.br\/site\/\" \/>\n<meta property=\"og:locale\" content=\"pt_BR\" \/>\n<meta property=\"og:type\" content=\"article\" \/>\n<meta property=\"og:title\" content=\"BATERIA MOURA 60 EM BH\" \/>\n<meta property=\"og:description\" content=\"Est\u00e1 precisando de bateria moura 60 em bh, Solu\u00e7\u00e3o esta aqui. N\u00e3o deixe de entrar em contato. ligue 3333-3008. consulte nossos pre\u00e7os.\" \/>\n<meta property=\"og:url\" content=\"https:\/\/fortebaterias.com.br\/site\/\" \/>\n<meta property=\"og:site_name\" content=\"Forte - Baterias de Carro\" \/>\n<meta property=\"article:publisher\" content=\"https:\/\/www.facebook.com\/fortebateriasoficial-106633254331899\" \/>\n<meta property=\"article:modified_time\" content=\"2022-09-16T17:14:33+00:00\" \/>\n<meta property=\"og:image\" content=\"https:\/\/fortebaterias.com.br\/site\/wp-content\/uploads\/2020\/07\/moura-mormal-300x133.jpg\" \/>\n<meta name=\"twitter:label1\" content=\"Est. tempo de leitura\" \/>\n\t<meta name=\"twitter:data1\" content=\"2 minutos\" \/>\n<script type=\"application\/ld+json\" class=\"yoast-schema-graph\">{\"@context\":\"https:\/\/schema.org\",\"@graph\":[{\"@type\":\"WebPage\",\"@id\":\"https:\/\/fortebaterias.com.br\/site\/bateria-moura-60-em-bh\/\",\"url\":\"https:\/\/fortebaterias.com.br\/site\/\",\"name\":\"BATERIA MOURA 60 EM BH - Forte - Baterias de Carro \/ 3333-3008\",\"isPartOf\":{\"@id\":\"https:\/\/fortebaterias.com.br\/site\/#website\"},\"primaryImageOfPage\":{\"@id\":\"https:\/\/fortebaterias.com.br\/site\/#primaryimage\"},\"image\":{\"@id\":\"https:\/\/fortebaterias.com.br\/site\/#primaryimage\"},\"thumbnailUrl\":\"https:\/\/fortebaterias.com.br\/site\/wp-content\/uploads\/2020\/07\/moura-mormal-300x133.jpg\",\"datePublished\":\"2020-12-30T20:59:55+00:00\",\"dateModified\":\"2022-09-16T17:14:33+00:00\",\"description\":\"Est\u00e1 precisando de bateria moura 60 em bh, Solu\u00e7\u00e3o esta aqui. N\u00e3o deixe de entrar em contato. ligue 3333-3008. consulte nossos pre\u00e7os.\",\"breadcrumb\":{\"@id\":\"https:\/\/fortebaterias.com.br\/site\/#breadcrumb\"},\"inLanguage\":\"pt-BR\",\"potentialAction\":[{\"@type\":\"ReadAction\",\"target\":[\"https:\/\/fortebaterias.com.br\/site\/\"]}]},{\"@type\":\"ImageObject\",\"inLanguage\":\"pt-BR\",\"@id\":\"https:\/\/fortebaterias.com.br\/site\/#primaryimage\",\"url\":\"https:\/\/fortebaterias.com.br\/site\/wp-content\/uploads\/2020\/07\/moura-mormal.jpg\",\"contentUrl\":\"https:\/\/fortebaterias.com.br\/site\/wp-content\/uploads\/2020\/07\/moura-mormal.jpg\",\"width\":948,\"height\":420},{\"@type\":\"BreadcrumbList\",\"@id\":\"https:\/\/fortebaterias.com.br\/site\/#breadcrumb\",\"itemListElement\":[{\"@type\":\"ListItem\",\"position\":1,\"name\":\"In\u00edcio\",\"item\":\"https:\/\/fortebaterias.com.br\/site\/\"},{\"@type\":\"ListItem\",\"position\":2,\"name\":\"BATERIA MOURA 60 EM BH\"}]},{\"@type\":\"WebSite\",\"@id\":\"https:\/\/fortebaterias.com.br\/site\/#website\",\"url\":\"https:\/\/fortebaterias.com.br\/site\/\",\"name\":\"Forte - Baterias de Carro\",\"description\":\"Baterias de Carro | BH | Contagem | Betim\",\"publisher\":{\"@id\":\"https:\/\/fortebaterias.com.br\/site\/#organization\"},\"potentialAction\":[{\"@type\":\"SearchAction\",\"target\":{\"@type\":\"EntryPoint\",\"urlTemplate\":\"https:\/\/fortebaterias.com.br\/site\/?s={search_term_string}\"},\"query-input\":{\"@type\":\"PropertyValueSpecification\",\"valueRequired\":true,\"valueName\":\"search_term_string\"}}],\"inLanguage\":\"pt-BR\"},{\"@type\":\"Organization\",\"@id\":\"https:\/\/fortebaterias.com.br\/site\/#organization\",\"name\":\"Forte Baterias\",\"url\":\"https:\/\/fortebaterias.com.br\/site\/\",\"logo\":{\"@type\":\"ImageObject\",\"inLanguage\":\"pt-BR\",\"@id\":\"https:\/\/fortebaterias.com.br\/site\/#\/schema\/logo\/image\/\",\"url\":\"https:\/\/fortebaterias.com.br\/site\/wp-content\/uploads\/2020\/07\/forte-baterias-2020.png\",\"contentUrl\":\"https:\/\/fortebaterias.com.br\/site\/wp-content\/uploads\/2020\/07\/forte-baterias-2020.png\",\"width\":454,\"height\":122,\"caption\":\"Forte Baterias\"},\"image\":{\"@id\":\"https:\/\/fortebaterias.com.br\/site\/#\/schema\/logo\/image\/\"},\"sameAs\":[\"https:\/\/www.facebook.com\/fortebateriasoficial-106633254331899\",\"https:\/\/www.instagram.com\/fortebateriasoficial\/\"]}]}<\/script>\n<!-- \/ Yoast SEO Premium plugin. -->","yoast_head_json":{"title":"BATERIA MOURA 60 EM BH - Forte - Baterias de Carro \/ 3333-3008","description":"Est\u00e1 precisando de bateria moura 60 em bh, Solu\u00e7\u00e3o esta aqui. N\u00e3o deixe de entrar em contato. ligue 3333-3008. consulte nossos pre\u00e7os.","robots":{"index":"index","follow":"follow","max-snippet":"max-snippet:-1","max-image-preview":"max-image-preview:large","max-video-preview":"max-video-preview:-1"},"canonical":"https:\/\/fortebaterias.com.br\/site\/","og_locale":"pt_BR","og_type":"article","og_title":"BATERIA MOURA 60 EM BH","og_description":"Est\u00e1 precisando de bateria moura 60 em bh, Solu\u00e7\u00e3o esta aqui. N\u00e3o deixe de entrar em contato. ligue 3333-3008. consulte nossos pre\u00e7os.","og_url":"https:\/\/fortebaterias.com.br\/site\/","og_site_name":"Forte - Baterias de Carro","article_publisher":"https:\/\/www.facebook.com\/fortebateriasoficial-106633254331899","article_modified_time":"2022-09-16T17:14:33+00:00","og_image":[{"url":"https:\/\/fortebaterias.com.br\/site\/wp-content\/uploads\/2020\/07\/moura-mormal-300x133.jpg","type":"","width":"","height":""}],"twitter_misc":{"Est. tempo de leitura":"2 minutos"},"schema":{"@context":"https:\/\/schema.org","@graph":[{"@type":"WebPage","@id":"https:\/\/fortebaterias.com.br\/site\/bateria-moura-60-em-bh\/","url":"https:\/\/fortebaterias.com.br\/site\/","name":"BATERIA MOURA 60 EM BH - Forte - Baterias de Carro \/ 3333-3008","isPartOf":{"@id":"https:\/\/fortebaterias.com.br\/site\/#website"},"primaryImageOfPage":{"@id":"https:\/\/fortebaterias.com.br\/site\/#primaryimage"},"image":{"@id":"https:\/\/fortebaterias.com.br\/site\/#primaryimage"},"thumbnailUrl":"https:\/\/fortebaterias.com.br\/site\/wp-content\/uploads\/2020\/07\/moura-mormal-300x133.jpg","datePublished":"2020-12-30T20:59:55+00:00","dateModified":"2022-09-16T17:14:33+00:00","description":"Est\u00e1 precisando de bateria moura 60 em bh, Solu\u00e7\u00e3o esta aqui. N\u00e3o deixe de entrar em contato. ligue 3333-3008. consulte nossos pre\u00e7os.","breadcrumb":{"@id":"https:\/\/fortebaterias.com.br\/site\/#breadcrumb"},"inLanguage":"pt-BR","potentialAction":[{"@type":"ReadAction","target":["https:\/\/fortebaterias.com.br\/site\/"]}]},{"@type":"ImageObject","inLanguage":"pt-BR","@id":"https:\/\/fortebaterias.com.br\/site\/#primaryimage","url":"https:\/\/fortebaterias.com.br\/site\/wp-content\/uploads\/2020\/07\/moura-mormal.jpg","contentUrl":"https:\/\/fortebaterias.com.br\/site\/wp-content\/uploads\/2020\/07\/moura-mormal.jpg","width":948,"height":420},{"@type":"BreadcrumbList","@id":"https:\/\/fortebaterias.com.br\/site\/#breadcrumb","itemListElement":[{"@type":"ListItem","position":1,"name":"In\u00edcio","item":"https:\/\/fortebaterias.com.br\/site\/"},{"@type":"ListItem","position":2,"name":"BATERIA MOURA 60 EM BH"}]},{"@type":"WebSite","@id":"https:\/\/fortebaterias.com.br\/site\/#website","url":"https:\/\/fortebaterias.com.br\/site\/","name":"Forte - Baterias de Carro","description":"Baterias de Carro | BH | Contagem | Betim","publisher":{"@id":"https:\/\/fortebaterias.com.br\/site\/#organization"},"potentialAction":[{"@type":"SearchAction","target":{"@type":"EntryPoint","urlTemplate":"https:\/\/fortebaterias.com.br\/site\/?s={search_term_string}"},"query-input":{"@type":"PropertyValueSpecification","valueRequired":true,"valueName":"search_term_string"}}],"inLanguage":"pt-BR"},{"@type":"Organization","@id":"https:\/\/fortebaterias.com.br\/site\/#organization","name":"Forte Baterias","url":"https:\/\/fortebaterias.com.br\/site\/","logo":{"@type":"ImageObject","inLanguage":"pt-BR","@id":"https:\/\/fortebaterias.com.br\/site\/#\/schema\/logo\/image\/","url":"https:\/\/fortebaterias.com.br\/site\/wp-content\/uploads\/2020\/07\/forte-baterias-2020.png","contentUrl":"https:\/\/fortebaterias.com.br\/site\/wp-content\/uploads\/2020\/07\/forte-baterias-2020.png","width":454,"height":122,"caption":"Forte Baterias"},"image":{"@id":"https:\/\/fortebaterias.com.br\/site\/#\/schema\/logo\/image\/"},"sameAs":["https:\/\/www.facebook.com\/fortebateriasoficial-106633254331899","https:\/\/www.instagram.com\/fortebateriasoficial\/"]}]}},"_links":{"self":[{"href":"https:\/\/fortebaterias.com.br\/site\/wp-json\/wp\/v2\/pages\/1287"}],"collection":[{"href":"https:\/\/fortebaterias.com.br\/site\/wp-json\/wp\/v2\/pages"}],"about":[{"href":"https:\/\/fortebaterias.com.br\/site\/wp-json\/wp\/v2\/types\/page"}],"author":[{"embeddable":true,"href":"https:\/\/fortebaterias.com.br\/site\/wp-json\/wp\/v2\/users\/2"}],"replies":[{"embeddable":true,"href":"https:\/\/fortebaterias.com.br\/site\/wp-json\/wp\/v2\/comments?post=1287"}],"version-history":[{"count":1,"href":"https:\/\/fortebaterias.com.br\/site\/wp-json\/wp\/v2\/pages\/1287\/revisions"}],"predecessor-version":[{"id":1288,"href":"https:\/\/fortebaterias.com.br\/site\/wp-json\/wp\/v2\/pages\/1287\/revisions\/1288"}],"wp:attachment":[{"href":"https:\/\/fortebaterias.com.br\/site\/wp-json\/wp\/v2\/media?parent=1287"}],"curies":[{"name":"wp","href":"https:\/\/api.w.org\/{rel}","templated":true}]}}